{"id":172367,"date":"2018-04-19T14:55:25","date_gmt":"2018-04-19T20:55:25","guid":{"rendered":"https:\/\/prensalibre-com-develop.go-vip.co\/guatevision\/?page_id=172367"},"modified":"2020-03-03T14:50:15","modified_gmt":"2020-03-03T20:50:15","slug":"sonando-en-familia-2","status":"publish","type":"page","link":"https:\/\/prensalibre-com-develop.go-vip.co\/guatevision\/sonando-en-familia-2","title":{"rendered":"So\u00f1ando en Familia"},"content":{"rendered":"<p>Si desea ser parte de So\u00f1ando en Familia debe proporcionar la informaci\u00f3n que se le solicita a continuaci\u00f3n:<\/p>\n\n<p>&nbsp;<\/p>\n<div id=\"preguntas_titulo\" class=\"container\">\n<div class=\"col-lg-4 col-md-4 fixed hidden-sm hidden-xs\">\n<img decoding=\"async\" class=\"alignnone wp-image-326882 size-large\" src=\"https:\/\/prensalibre-com-develop.go-vip.co\/guatevision\/wp-content\/uploads\/sites\/2\/2020\/03\/SEF_web_454x571.jpg?quality=82&amp;w=454\" alt=\"\" width=\"100%\" srcset=\"https:\/\/prensalibre-com-develop.go-vip.co\/guatevision\/wp-content\/uploads\/sites\/2\/2020\/03\/SEF_web_454x571.jpg 454w, https:\/\/prensalibre-com-develop.go-vip.co\/guatevision\/wp-content\/uploads\/sites\/2\/2020\/03\/SEF_web_454x571.jpg?resize=239,300 239w, https:\/\/prensalibre-com-develop.go-vip.co\/guatevision\/wp-content\/uploads\/sites\/2\/2020\/03\/SEF_web_454x571.jpg?resize=150,189 150w\" sizes=\"(max-width: 454px) 100vw, 454px\" \/><\/div>\n<div class=\"col-lg-8 col-md-8 col-sm-12 col-xs-12 scrollit\">\n<form id=\"respuestas-form\"><label>DATOS DEL INTERESADO:<\/label><\/p>\n<hr \/>\n<div class=\"col-lg-9 col-md-9 col-sm-9\">\n<div class=\"form-group\"><label for=\"datos\">*Nombre:<\/label><br \/>\n<input id=\"nombre\" class=\"form-control\" name=\"nombre\" type=\"text\" \/><\/div>\n<\/div>\n<div class=\"col-lg-3 col-md-3 col-sm-3\">\n<div class=\"form-group\"><label for=\"r1\">*Tel\u00e9fono:<\/label><br \/>\n<input id=\"r1\" class=\"form-control\" name=\"r1\" type=\"text\" \/><\/div>\n<\/div>\n<div class=\"col-lg-12 col-md-12 col-sm-12\">\n<div class=\"form-group\"><label for=\"r2\">*Direcci\u00f3n:<\/label><br \/>\n<textarea id=\"r2\" class=\"form-control\" name=\"r2\"><\/textarea><\/div>\n<\/div>\n<div class=\"col-lg-6 col-md-6 col-sm-6\">\n<div class=\"form-group\"><label for=\"correo\">*Correo Electr\u00f3nico:<\/label><br \/>\n<input id=\"correo\" class=\"form-control\" name=\"correo\" type=\"text\" \/><\/div>\n<\/div>\n<div class=\"col-lg-6 col-md-6 col-sm-6\">\n<div class=\"form-group\"><label for=\"r4\">*Integrantes de su familia:<\/label><br \/>\n<input id=\"r4\" class=\"form-control\" min=\"0\" name=\"r4\" type=\"number\" \/><\/div>\n<\/div>\n<p>&nbsp;<\/p>\n<div class=\"clearfix\"><\/div>\n<p><label>DATOS FAMLIARES:<\/label><\/p>\n<hr \/>\n<div class=\"col-lg-12 col-md-12 col-sm-12\"><label>*Solo pueden participar familiares:<\/label><\/div>\n<div class=\"col-lg-6 col-md-6 col-sm-6\">\n<div class=\"form-group\"><input id=\"r5\" class=\"form-control\" name=\"r5\" type=\"text\" placeholder=\"1. Nombres y Apellidos\" \/><\/div>\n<\/div>\n<div class=\"col-lg-2 col-md-2 col-sm-2\">\n<div class=\"form-group\"><input id=\"r6\" class=\"form-control\" min=\"12\" name=\"r6\" type=\"number\" placeholder=\"Edad\" \/><\/div>\n<\/div>\n<div class=\"col-lg-4 col-md-4 col-sm-4\">\n<div class=\"form-group\"><input id=\"r7\" class=\"form-control\" name=\"r7\" type=\"text\" placeholder=\"Parentesco\" \/><\/div>\n<\/div>\n<div class=\"col-lg-6 col-md-6 col-sm-6\">\n<div class=\"form-group\"><input id=\"r8\" class=\"form-control\" name=\"r8\" type=\"text\" placeholder=\"2. Nombres y Apellidos\" \/><\/div>\n<\/div>\n<div class=\"col-lg-2 col-md-2 col-sm-2\">\n<div class=\"form-group\"><input id=\"r9\" class=\"form-control\" min=\"12\" name=\"r9\" type=\"number\" placeholder=\"Edad\" \/><\/div>\n<\/div>\n<div class=\"col-lg-4 col-md-4 col-sm-4\">\n<div class=\"form-group\"><input id=\"r10\" class=\"form-control\" name=\"r10\" type=\"text\" placeholder=\"Parentesco\" \/><\/div>\n<\/div>\n<div class=\"col-lg-6 col-md-6 col-sm-6\">\n<div class=\"form-group\"><input id=\"r11\" class=\"form-control\" name=\"r11\" type=\"text\" placeholder=\"3. Nombres y Apellidos\" \/><\/div>\n<\/div>\n<div class=\"col-lg-2 col-md-2 col-sm-2\">\n<div class=\"form-group\"><input id=\"r12\" class=\"form-control\" min=\"12\" name=\"r12\" type=\"number\" placeholder=\"Edad\" \/><\/div>\n<\/div>\n<div class=\"col-lg-4 col-md-4 col-sm-4\">\n<div class=\"form-group\"><input id=\"r13\" class=\"form-control\" name=\"r13\" type=\"text\" placeholder=\"Parentesco\" \/><\/div>\n<\/div>\n<div class=\"col-lg-6 col-md-6 col-sm-6\">\n<div class=\"form-group\"><input id=\"r14\" class=\"form-control\" name=\"r14\" type=\"text\" placeholder=\"4. Nombres y Apellidos\" \/><\/div>\n<\/div>\n<div class=\"col-lg-2 col-md-2 col-sm-2\">\n<div class=\"form-group\"><input id=\"r15\" class=\"form-control\" min=\"12\" name=\"r15\" type=\"number\" placeholder=\"Edad\" \/><\/div>\n<\/div>\n<div class=\"col-lg-4 col-md-4 col-sm-4\">\n<div class=\"form-group\"><input id=\"r16\" class=\"form-control\" name=\"r16\" type=\"text\" placeholder=\"Parentesco\" \/><\/div>\n<\/div>\n<div class=\"col-lg-12 col-md-12 col-sm-12\"><label>Adem\u00e1s de los 4 integrantes, es obligatoria la participaci\u00f3n de un ni\u00f1o o ni\u00f1a de entre 7 y 8 a\u00f1os. Puede ser hijo, sobrino, primo\u2026<\/label><\/div>\n<div class=\"col-lg-6 col-md-6 col-sm-6\">\n<div class=\"form-group\"><input id=\"r20\" class=\"form-control\" name=\"r20\" type=\"text\" placeholder=\"Nombres y Apellidos\" \/><\/div>\n<\/div>\n<div class=\"col-lg-4 col-md-4 col-sm-4\">\n<div class=\"form-group\"><input id=\"r21\" class=\"form-control\" name=\"r21\" type=\"text\" placeholder=\"Parentesco\" \/><\/div>\n<\/div>\n<div class=\"col-lg-2 col-md-2 col-sm-2\">\n<div class=\"form-group\"><input id=\"r22\" class=\"form-control\" min=\"7\" name=\"r22\" type=\"number\" placeholder=\"Edad\" \/><\/div>\n<\/div>\n<div class=\"col-lg-6 col-md-6 col-sm-6 hidden\">\n<div class=\"form-group\"><input id=\"r17\" class=\"form-control hidden\" name=\"r17\" type=\"hidden\" value=\"--\" placeholder=\"5. Nombres y Apellidos\" \/><\/div>\n<\/div>\n<div class=\"col-lg-2 col-md-2 col-sm-2 hidden\">\n<div class=\"form-group\"><input id=\"r18\" class=\"form-control\" min=\"12\" name=\"r18\" type=\"hidden\" value=\"--\" placeholder=\"Edad\" \/><\/div>\n<\/div>\n<div class=\"col-lg-4 col-md-4 col-sm-4 hidden\">\n<div class=\"form-group\"><input id=\"r19\" class=\"form-control\" name=\"r19\" type=\"hidden\" value=\"--\" placeholder=\"Parentesco\" \/><\/div>\n<\/div>\n<div class=\"col-lg-12 col-md-12 col-sm-12\"><label>*Nombres y tel\u00e9fonos de tres referencias familiares:<\/label><\/div>\n<div class=\"col-lg-9 col-md-9 col-sm-9\">\n<div class=\"form-group\"><input id=\"r23\" class=\"form-control\" name=\"r23\" type=\"text\" placeholder=\"1. Nombres\" \/><\/div>\n<\/div>\n<div class=\"col-lg-3 col-md-3 col-sm-3\">\n<div class=\"form-group\"><input id=\"r24\" class=\"form-control\" name=\"r24\" type=\"number\" placeholder=\"Tel\u00e9fono\" \/><\/div>\n<\/div>\n<div class=\"col-lg-9 col-md-9 col-sm-9\">\n<div class=\"form-group\"><input id=\"r25\" class=\"form-control\" name=\"r25\" type=\"text\" placeholder=\"2. Nombres\" \/><\/div>\n<\/div>\n<div class=\"col-lg-3 col-md-3 col-sm-3\">\n<div class=\"form-group\"><input id=\"r26\" class=\"form-control\" name=\"r26\" type=\"number\" placeholder=\"Tel\u00e9fono\" \/><\/div>\n<\/div>\n<div class=\"col-lg-9 col-md-9 col-sm-9\">\n<div class=\"form-group\"><input id=\"r27\" class=\"form-control\" name=\"r27\" type=\"text\" placeholder=\"3. Nombres\" \/><\/div>\n<\/div>\n<div class=\"col-lg-3 col-md-3 col-sm-3\">\n<div class=\"form-group\"><input id=\"r28\" class=\"form-control\" name=\"r28\" type=\"number\" placeholder=\"Tel\u00e9fono\" \/><\/div>\n<\/div>\n<div class=\"col-lg-12 col-md-12 col-sm-12\">\n<div class=\"form-group\"><label for=\"r29\">*En el siguiente espacio cu\u00e9ntenos cu\u00e1l es su historia y cu\u00e1l es el sue\u00f1o que tienen como familia.<\/label><br \/>\n(Debe compartirnos su historia y sue\u00f1o solo en el espacio que se proporciona).<br \/>\n<textarea id=\"r29\" class=\"form-control\" name=\"r29\" rows=\"10\"><\/textarea><\/div>\n<\/div>\n<div class=\"col-lg-12 col-md-12 col-sm-12\"><label>*Fotograf\u00eda Familiar:<\/label><\/div>\n<div class=\"col-lg-12 col-md-12 col-sm-12\">\n<p>Instrucciones para generar URL de la fotograf\u00eda:<\/p>\n<ul>\n<li>1. Ingresa a PostImage haciendo click en la url: <a href=\"https:\/\/postimages.org\/\" target=\"_blank\" rel=\"noopener noreferrer\">https:\/\/postimages.org<\/a><\/li>\n<li>2. Seleccionar &#8220;Do not resize my image&#8221; y &#8220;No expiration&#8221;.<\/li>\n<li>3. Haz click en bot\u00f3n &#8220;Choose images&#8221;<\/li>\n<li>4. Selecciona la imagen que desea subir<\/li>\n<li>5. En el listado de las direcciones generadas copiar la opci\u00f3n &#8220;Direct link&#8221;.<\/li>\n<li>6. P\u00e9gala en la casilla de la fotograf\u00eda.<\/li>\n<\/ul>\n<p><img class=\"img-responsive\" \/><\/p>\n<div class=\"form-group\"><input id=\"r30\" class=\"form-control\" name=\"r30\" type=\"text\" placeholder=\"URL de la fotograf\u00eda aqu\u00ed\" \/><\/div>\n<\/div>\n<div class=\"col-lg-12 col-md-12 col-sm-12\"><button class=\"btn no-deco bg-cobalt txt-blanco pull-left btn-votar\" type=\"button\">Enviar<\/button><\/div>\n<div id=\"respuesta\" class=\"hidden col-lg-12 col-md-12 col-sm-12\"><\/div>\n<\/form>\n<\/div>\n<\/div>\n","protected":false},"excerpt":{"rendered":"","protected":false},"author":4,"featured_media":0,"parent":0,"menu_order":0,"comment_status":"closed","ping_status":"closed","template":"","meta":{"footnotes":""},"etiqueta":[],"class_list":["post-172367","page","type-page","status-publish","hentry"],"yoast_head":"<!-- This site is optimized with the Yoast SEO plugin v23.9 - https:\/\/yoast.com\/wordpress\/plugins\/seo\/ -->\n<title>So\u00f1ando en Familia - Guatevision<\/title>\n<meta name=\"robots\" content=\"index, follow, max-snippet:-1, max-image-preview:large, max-video-preview:-1\" \/>\n<link rel=\"canonical\" href=\"https:\/\/prensalibre-com-develop.go-vip.co\/guatevision\/sonando-en-familia-2\" \/>\n<meta property=\"og:locale\" content=\"es_ES\" \/>\n<meta property=\"og:type\" content=\"article\" \/>\n<meta property=\"og:title\" content=\"So\u00f1ando en Familia - Guatevision\" \/>\n<meta property=\"og:url\" content=\"https:\/\/prensalibre-com-develop.go-vip.co\/guatevision\/sonando-en-familia-2\" \/>\n<meta property=\"og:site_name\" content=\"Guatevision\" \/>\n<meta property=\"article:modified_time\" content=\"2020-03-03T20:50:15+00:00\" \/>\n<meta property=\"og:image\" content=\"https:\/\/prensalibre-com-develop.go-vip.co\/guatevision\/wp-content\/uploads\/sites\/2\/2020\/03\/SEF_web_454x571.jpg?quality=82\" \/>\n\t<meta property=\"og:image:width\" content=\"454\" \/>\n\t<meta property=\"og:image:height\" content=\"571\" \/>\n\t<meta property=\"og:image:type\" content=\"image\/jpeg\" \/>\n<meta name=\"twitter:card\" content=\"summary_large_image\" \/>\n<meta name=\"twitter:label1\" content=\"Est. reading time\" \/>\n\t<meta name=\"twitter:data1\" content=\"1 minute\" \/>\n<script type=\"application\/ld+json\" class=\"yoast-schema-graph\">{\"@context\":\"https:\/\/schema.org\",\"@graph\":[{\"@type\":\"WebPage\",\"@id\":\"https:\/\/prensalibre-com-develop.go-vip.co\/guatevision\/sonando-en-familia-2\",\"url\":\"https:\/\/prensalibre-com-develop.go-vip.co\/guatevision\/sonando-en-familia-2\",\"name\":\"So\u00f1ando en Familia - Guatevision\",\"isPartOf\":{\"@id\":\"https:\/\/prensalibre-com-develop.go-vip.co\/guatevision\/#website\"},\"primaryImageOfPage\":{\"@id\":\"https:\/\/prensalibre-com-develop.go-vip.co\/guatevision\/sonando-en-familia-2#primaryimage\"},\"image\":{\"@id\":\"https:\/\/prensalibre-com-develop.go-vip.co\/guatevision\/sonando-en-familia-2#primaryimage\"},\"thumbnailUrl\":\"https:\/\/prensalibre-com-develop.go-vip.co\/guatevision\/wp-content\/uploads\/sites\/2\/2020\/03\/SEF_web_454x571.jpg?quality=82&amp;w=454\",\"datePublished\":\"2018-04-19T20:55:25+00:00\",\"dateModified\":\"2020-03-03T20:50:15+00:00\",\"inLanguage\":\"es-GT\",\"potentialAction\":[{\"@type\":\"ReadAction\",\"target\":[\"https:\/\/prensalibre-com-develop.go-vip.co\/guatevision\/sonando-en-familia-2\"]}]},{\"@type\":\"ImageObject\",\"inLanguage\":\"es-GT\",\"@id\":\"https:\/\/prensalibre-com-develop.go-vip.co\/guatevision\/sonando-en-familia-2#primaryimage\",\"url\":\"https:\/\/prensalibre-com-develop.go-vip.co\/guatevision\/wp-content\/uploads\/sites\/2\/2020\/03\/SEF_web_454x571.jpg?quality=82\",\"contentUrl\":\"https:\/\/prensalibre-com-develop.go-vip.co\/guatevision\/wp-content\/uploads\/sites\/2\/2020\/03\/SEF_web_454x571.jpg?quality=82\",\"width\":454,\"height\":571},{\"@type\":\"WebSite\",\"@id\":\"https:\/\/prensalibre-com-develop.go-vip.co\/guatevision\/#website\",\"url\":\"https:\/\/prensalibre-com-develop.go-vip.co\/guatevision\/\",\"name\":\"Guatevision\",\"description\":\"\u00a1Enciende Lo Bueno!\",\"publisher\":{\"@id\":\"https:\/\/prensalibre-com-develop.go-vip.co\/guatevision\/#organization\"},\"potentialAction\":[{\"@type\":\"SearchAction\",\"target\":{\"@type\":\"EntryPoint\",\"urlTemplate\":\"https:\/\/prensalibre-com-develop.go-vip.co\/guatevision\/?s={search_term_string}\"},\"query-input\":{\"@type\":\"PropertyValueSpecification\",\"valueRequired\":true,\"valueName\":\"search_term_string\"}}],\"inLanguage\":\"es-GT\"},{\"@type\":\"Organization\",\"@id\":\"https:\/\/prensalibre-com-develop.go-vip.co\/guatevision\/#organization\",\"name\":\"Guatevision\",\"url\":\"https:\/\/prensalibre-com-develop.go-vip.co\/guatevision\/\",\"logo\":{\"@type\":\"ImageObject\",\"inLanguage\":\"es-GT\",\"@id\":\"https:\/\/prensalibre-com-develop.go-vip.co\/guatevision\/#\/schema\/logo\/image\/\",\"url\":\"https:\/\/prensalibre-com-develop.go-vip.co\/guatevision\/wp-content\/uploads\/sites\/2\/2026\/04\/Diseno-sin-titulo.png?quality=82\",\"contentUrl\":\"https:\/\/prensalibre-com-develop.go-vip.co\/guatevision\/wp-content\/uploads\/sites\/2\/2026\/04\/Diseno-sin-titulo.png?quality=82\",\"width\":1000,\"height\":600,\"caption\":\"Guatevision\"},\"image\":{\"@id\":\"https:\/\/prensalibre-com-develop.go-vip.co\/guatevision\/#\/schema\/logo\/image\/\"}}]}<\/script>\n<!-- \/ Yoast SEO plugin. -->","yoast_head_json":{"title":"So\u00f1ando en Familia - Guatevision","robots":{"index":"index","follow":"follow","max-snippet":"max-snippet:-1","max-image-preview":"max-image-preview:large","max-video-preview":"max-video-preview:-1"},"canonical":"https:\/\/prensalibre-com-develop.go-vip.co\/guatevision\/sonando-en-familia-2","og_locale":"es_ES","og_type":"article","og_title":"So\u00f1ando en Familia - Guatevision","og_url":"https:\/\/prensalibre-com-develop.go-vip.co\/guatevision\/sonando-en-familia-2","og_site_name":"Guatevision","article_modified_time":"2020-03-03T20:50:15+00:00","og_image":[{"width":454,"height":571,"url":"https:\/\/prensalibre-com-develop.go-vip.co\/guatevision\/wp-content\/uploads\/sites\/2\/2020\/03\/SEF_web_454x571.jpg?quality=82","type":"image\/jpeg"}],"twitter_card":"summary_large_image","twitter_misc":{"Est. reading time":"1 minute"},"schema":{"@context":"https:\/\/schema.org","@graph":[{"@type":"WebPage","@id":"https:\/\/prensalibre-com-develop.go-vip.co\/guatevision\/sonando-en-familia-2","url":"https:\/\/prensalibre-com-develop.go-vip.co\/guatevision\/sonando-en-familia-2","name":"So\u00f1ando en Familia - Guatevision","isPartOf":{"@id":"https:\/\/prensalibre-com-develop.go-vip.co\/guatevision\/#website"},"primaryImageOfPage":{"@id":"https:\/\/prensalibre-com-develop.go-vip.co\/guatevision\/sonando-en-familia-2#primaryimage"},"image":{"@id":"https:\/\/prensalibre-com-develop.go-vip.co\/guatevision\/sonando-en-familia-2#primaryimage"},"thumbnailUrl":"https:\/\/prensalibre-com-develop.go-vip.co\/guatevision\/wp-content\/uploads\/sites\/2\/2020\/03\/SEF_web_454x571.jpg?quality=82&amp;w=454","datePublished":"2018-04-19T20:55:25+00:00","dateModified":"2020-03-03T20:50:15+00:00","inLanguage":"es-GT","potentialAction":[{"@type":"ReadAction","target":["https:\/\/prensalibre-com-develop.go-vip.co\/guatevision\/sonando-en-familia-2"]}]},{"@type":"ImageObject","inLanguage":"es-GT","@id":"https:\/\/prensalibre-com-develop.go-vip.co\/guatevision\/sonando-en-familia-2#primaryimage","url":"https:\/\/prensalibre-com-develop.go-vip.co\/guatevision\/wp-content\/uploads\/sites\/2\/2020\/03\/SEF_web_454x571.jpg?quality=82","contentUrl":"https:\/\/prensalibre-com-develop.go-vip.co\/guatevision\/wp-content\/uploads\/sites\/2\/2020\/03\/SEF_web_454x571.jpg?quality=82","width":454,"height":571},{"@type":"WebSite","@id":"https:\/\/prensalibre-com-develop.go-vip.co\/guatevision\/#website","url":"https:\/\/prensalibre-com-develop.go-vip.co\/guatevision\/","name":"Guatevision","description":"\u00a1Enciende Lo Bueno!","publisher":{"@id":"https:\/\/prensalibre-com-develop.go-vip.co\/guatevision\/#organization"},"potentialAction":[{"@type":"SearchAction","target":{"@type":"EntryPoint","urlTemplate":"https:\/\/prensalibre-com-develop.go-vip.co\/guatevision\/?s={search_term_string}"},"query-input":{"@type":"PropertyValueSpecification","valueRequired":true,"valueName":"search_term_string"}}],"inLanguage":"es-GT"},{"@type":"Organization","@id":"https:\/\/prensalibre-com-develop.go-vip.co\/guatevision\/#organization","name":"Guatevision","url":"https:\/\/prensalibre-com-develop.go-vip.co\/guatevision\/","logo":{"@type":"ImageObject","inLanguage":"es-GT","@id":"https:\/\/prensalibre-com-develop.go-vip.co\/guatevision\/#\/schema\/logo\/image\/","url":"https:\/\/prensalibre-com-develop.go-vip.co\/guatevision\/wp-content\/uploads\/sites\/2\/2026\/04\/Diseno-sin-titulo.png?quality=82","contentUrl":"https:\/\/prensalibre-com-develop.go-vip.co\/guatevision\/wp-content\/uploads\/sites\/2\/2026\/04\/Diseno-sin-titulo.png?quality=82","width":1000,"height":600,"caption":"Guatevision"},"image":{"@id":"https:\/\/prensalibre-com-develop.go-vip.co\/guatevision\/#\/schema\/logo\/image\/"}}]}},"jetpack_sharing_enabled":true,"_links":{"self":[{"href":"https:\/\/prensalibre-com-develop.go-vip.co\/guatevision\/wp-json\/wp\/v2\/pages\/172367","targetHints":{"allow":["GET"]}}],"collection":[{"href":"https:\/\/prensalibre-com-develop.go-vip.co\/guatevision\/wp-json\/wp\/v2\/pages"}],"about":[{"href":"https:\/\/prensalibre-com-develop.go-vip.co\/guatevision\/wp-json\/wp\/v2\/types\/page"}],"author":[{"embeddable":true,"href":"https:\/\/prensalibre-com-develop.go-vip.co\/guatevision\/wp-json\/wp\/v2\/users\/4"}],"replies":[{"embeddable":true,"href":"https:\/\/prensalibre-com-develop.go-vip.co\/guatevision\/wp-json\/wp\/v2\/comments?post=172367"}],"version-history":[{"count":0,"href":"https:\/\/prensalibre-com-develop.go-vip.co\/guatevision\/wp-json\/wp\/v2\/pages\/172367\/revisions"}],"wp:attachment":[{"href":"https:\/\/prensalibre-com-develop.go-vip.co\/guatevision\/wp-json\/wp\/v2\/media?parent=172367"}],"wp:term":[{"taxonomy":"etiqueta","embeddable":true,"href":"https:\/\/prensalibre-com-develop.go-vip.co\/guatevision\/wp-json\/wp\/v2\/etiqueta?post=172367"}],"curies":[{"name":"wp","href":"https:\/\/api.w.org\/{rel}","templated":true}]}}