{"id":174984,"date":"2018-04-19T14:43:30","date_gmt":"2018-04-19T20:43:30","guid":{"rendered":"https:\/\/prensalibre-com-develop.go-vip.co\/guatevision\/?page_id=174984"},"modified":"2019-09-30T09:01:27","modified_gmt":"2019-09-30T15:01:27","slug":"sonando-en-familia","status":"publish","type":"page","link":"https:\/\/prensalibre-com-develop.go-vip.co\/guatevision\/sonando-en-familia","title":{"rendered":"So\u00f1ando en Familia"},"content":{"rendered":"<p>Es un programa dirigido\u00a0para toda la familia, el cual\u00a0busca fusionar el contexto social por medio de sue\u00f1os, historias emotivas e inspiradoras contadas por las familias guatemaltecas. Las familias deben\u00a0concursar cada semana con un \u00fanico objetivo:\u00a0<strong>ganar un premio en efectivo para as\u00ed hacer realidad su sue\u00f1o<\/strong>.<\/p>\n\n<p>Asimismo, pretende crear un ambiente de fiesta, alegr\u00eda y entretenimiento para los televidentes, quienes buscan diversi\u00f3n en la televisi\u00f3n y especialmente, buscan sentirse identificados con un producto creado especialmente\u00a0para ver y disfrutar en familia.<\/p>\n<p>El programa se desarrolla con una secuencia de<strong> lunes a viernes<\/strong>, llev\u00e1ndose a cabo en este \u00faltimo d\u00eda el desenlace de las historias y premiando a la familia ganadora con el gran premio de <strong>Q15 mil<\/strong>.<\/p>\n<p>Dos familias son las que participan cada semana, las cuales competir\u00e1n cada noche\u00a0para ganar el premio en efectivo, el cual puede consistir\u00a0 desde realizar una fiesta de graduaci\u00f3n, arreglar alguna \u00e1rea de la casa\u00a0 o viajar y conocer lugares emblem\u00e1ticos del pa\u00eds, entre otros.<\/p>\n<p><strong>\u00a1So\u00f1ando en Familia!<\/strong> tiene como objetivo ser m\u00e1s que un show, puesto que busca ser una plataforma para ayudar y convertir sue\u00f1os en realidad por medio del entretenimiento y la capacidad de contar historias a los guatemaltecos.<\/p>\n<!--[if lt IE 9]><script>document.createElement('video');<\/script><![endif]-->\n\t<div class=\"wp-playlist wp-video-playlist wp-playlist-light\">\n\t\t<video controls=\"controls\" preload=\"none\" width=\"640\"\n\t\t height=\"360\"\t><\/video>\n\t<div class=\"wp-playlist-next\"><\/div>\n\t<div class=\"wp-playlist-prev\"><\/div>\n\t<noscript>\n\t<ol>\n\t\t<li><a href='https:\/\/prensalibre-com-develop.go-vip.co\/guatevision\/wp-content\/uploads\/sites\/2\/2019\/05\/55954807_360798691188101_6136325621538281838_n.mp4'>\u00a1Participa con tu familia!<\/a><\/li>\t<\/ol>\n\t<\/noscript>\n\t<script type=\"application\/json\" class=\"wp-playlist-script\">{\"type\":\"video\",\"tracklist\":true,\"tracknumbers\":true,\"images\":true,\"artists\":true,\"tracks\":[{\"src\":\"https:\\\/\\\/prensalibre-com-develop.go-vip.co\\\/guatevision\\\/wp-content\\\/uploads\\\/sites\\\/2\\\/2019\\\/05\\\/55954807_360798691188101_6136325621538281838_n.mp4\",\"type\":\"video\\\/mp4\",\"title\":\"\\u00a1Participa con tu familia!\",\"caption\":\"\",\"description\":\"\",\"meta\":{\"length_formatted\":\"0:26\"},\"dimensions\":{\"original\":{\"width\":1280,\"height\":720},\"resized\":{\"width\":640,\"height\":360}},\"image\":{\"src\":\"https:\\\/\\\/prensalibre-com-develop.go-vip.co\\\/guatevision\\\/wp-includes\\\/images\\\/media\\\/video.svg\",\"width\":48,\"height\":64},\"thumb\":{\"src\":\"https:\\\/\\\/prensalibre-com-develop.go-vip.co\\\/guatevision\\\/wp-includes\\\/images\\\/media\\\/video.svg\",\"width\":48,\"height\":64}}]}<\/script>\n<\/div>\n\t\n<h4>Si deseas participar en nuestro programa y cumplir tu sue\u00f1o ingresa <a href=\"https:\/\/prensalibre-com-develop.go-vip.co\/guatevision\/sonando-en-familia-2\/\">aqu\u00ed<\/a>:<\/h4>\n<p><a href=\"https:\/\/prensalibre-com-develop.go-vip.co\/guatevision\/sonando-en-familia-2\/\"><img loading=\"lazy\" decoding=\"async\" class=\"alignnone wp-image-175015 size-full\" src=\"https:\/\/prensalibre-com-develop.go-vip.co\/guatevision\/wp-content\/uploads\/2018\/04\/Avatar_SoniandoEnFamilia.png\" alt=\"\" width=\"250\" height=\"250\" srcset=\"https:\/\/prensalibre-com-develop.go-vip.co\/guatevision\/wp-content\/uploads\/sites\/2\/2018\/04\/Avatar_SoniandoEnFamilia.png 250w, https:\/\/prensalibre-com-develop.go-vip.co\/guatevision\/wp-content\/uploads\/sites\/2\/2018\/04\/Avatar_SoniandoEnFamilia.png?resize=150,150 150w, https:\/\/prensalibre-com-develop.go-vip.co\/guatevision\/wp-content\/uploads\/sites\/2\/2018\/04\/Avatar_SoniandoEnFamilia.png?resize=96,96 96w\" sizes=\"auto, (max-width: 250px) 100vw, 250px\" \/><\/a><\/p>\n","protected":false},"excerpt":{"rendered":"","protected":false},"author":218,"featured_media":0,"parent":0,"menu_order":0,"comment_status":"closed","ping_status":"closed","template":"","meta":{"footnotes":""},"etiqueta":[],"class_list":["post-174984","page","type-page","status-publish","hentry"],"yoast_head":"<!-- This site is optimized with the Yoast SEO plugin v23.9 - https:\/\/yoast.com\/wordpress\/plugins\/seo\/ -->\n<title>So\u00f1ando en Familia - Guatevision<\/title>\n<meta name=\"robots\" content=\"index, follow, max-snippet:-1, max-image-preview:large, max-video-preview:-1\" \/>\n<link rel=\"canonical\" href=\"https:\/\/prensalibre-com-develop.go-vip.co\/guatevision\/sonando-en-familia\" \/>\n<meta property=\"og:locale\" content=\"es_ES\" \/>\n<meta property=\"og:type\" content=\"article\" \/>\n<meta property=\"og:title\" content=\"So\u00f1ando en Familia - Guatevision\" \/>\n<meta property=\"og:url\" content=\"https:\/\/prensalibre-com-develop.go-vip.co\/guatevision\/sonando-en-familia\" \/>\n<meta property=\"og:site_name\" content=\"Guatevision\" \/>\n<meta property=\"article:modified_time\" content=\"2019-09-30T15:01:27+00:00\" \/>\n<meta property=\"og:image\" content=\"https:\/\/prensalibre-com-develop.go-vip.co\/guatevision\/wp-content\/uploads\/sites\/2\/2018\/04\/Avatar_SoniandoEnFamilia.png?quality=82\" \/>\n\t<meta property=\"og:image:width\" content=\"250\" \/>\n\t<meta property=\"og:image:height\" content=\"250\" \/>\n\t<meta property=\"og:image:type\" content=\"image\/png\" \/>\n<meta name=\"twitter:card\" content=\"summary_large_image\" \/>\n<meta name=\"twitter:label1\" content=\"Est. reading time\" \/>\n\t<meta name=\"twitter:data1\" content=\"1 minute\" \/>\n<script type=\"application\/ld+json\" class=\"yoast-schema-graph\">{\"@context\":\"https:\/\/schema.org\",\"@graph\":[{\"@type\":\"WebPage\",\"@id\":\"https:\/\/prensalibre-com-develop.go-vip.co\/guatevision\/sonando-en-familia\",\"url\":\"https:\/\/prensalibre-com-develop.go-vip.co\/guatevision\/sonando-en-familia\",\"name\":\"So\u00f1ando en Familia - Guatevision\",\"isPartOf\":{\"@id\":\"https:\/\/prensalibre-com-develop.go-vip.co\/guatevision\/#website\"},\"primaryImageOfPage\":{\"@id\":\"https:\/\/prensalibre-com-develop.go-vip.co\/guatevision\/sonando-en-familia#primaryimage\"},\"image\":{\"@id\":\"https:\/\/prensalibre-com-develop.go-vip.co\/guatevision\/sonando-en-familia#primaryimage\"},\"thumbnailUrl\":\"https:\/\/prensalibre-com-develop.go-vip.co\/guatevision\/wp-content\/uploads\/2018\/04\/Avatar_SoniandoEnFamilia.png\",\"datePublished\":\"2018-04-19T20:43:30+00:00\",\"dateModified\":\"2019-09-30T15:01:27+00:00\",\"inLanguage\":\"es-GT\",\"potentialAction\":[{\"@type\":\"ReadAction\",\"target\":[\"https:\/\/prensalibre-com-develop.go-vip.co\/guatevision\/sonando-en-familia\"]}]},{\"@type\":\"ImageObject\",\"inLanguage\":\"es-GT\",\"@id\":\"https:\/\/prensalibre-com-develop.go-vip.co\/guatevision\/sonando-en-familia#primaryimage\",\"url\":\"https:\/\/prensalibre-com-develop.go-vip.co\/guatevision\/wp-content\/uploads\/sites\/2\/2018\/04\/Avatar_SoniandoEnFamilia.png?quality=82\",\"contentUrl\":\"https:\/\/prensalibre-com-develop.go-vip.co\/guatevision\/wp-content\/uploads\/sites\/2\/2018\/04\/Avatar_SoniandoEnFamilia.png?quality=82\",\"width\":250,\"height\":250},{\"@type\":\"WebSite\",\"@id\":\"https:\/\/prensalibre-com-develop.go-vip.co\/guatevision\/#website\",\"url\":\"https:\/\/prensalibre-com-develop.go-vip.co\/guatevision\/\",\"name\":\"Guatevision\",\"description\":\"\u00a1Enciende Lo Bueno!\",\"publisher\":{\"@id\":\"https:\/\/prensalibre-com-develop.go-vip.co\/guatevision\/#organization\"},\"potentialAction\":[{\"@type\":\"SearchAction\",\"target\":{\"@type\":\"EntryPoint\",\"urlTemplate\":\"https:\/\/prensalibre-com-develop.go-vip.co\/guatevision\/?s={search_term_string}\"},\"query-input\":{\"@type\":\"PropertyValueSpecification\",\"valueRequired\":true,\"valueName\":\"search_term_string\"}}],\"inLanguage\":\"es-GT\"},{\"@type\":\"Organization\",\"@id\":\"https:\/\/prensalibre-com-develop.go-vip.co\/guatevision\/#organization\",\"name\":\"Guatevision\",\"url\":\"https:\/\/prensalibre-com-develop.go-vip.co\/guatevision\/\",\"logo\":{\"@type\":\"ImageObject\",\"inLanguage\":\"es-GT\",\"@id\":\"https:\/\/prensalibre-com-develop.go-vip.co\/guatevision\/#\/schema\/logo\/image\/\",\"url\":\"https:\/\/prensalibre-com-develop.go-vip.co\/guatevision\/wp-content\/uploads\/sites\/2\/2026\/04\/Diseno-sin-titulo.png?quality=82\",\"contentUrl\":\"https:\/\/prensalibre-com-develop.go-vip.co\/guatevision\/wp-content\/uploads\/sites\/2\/2026\/04\/Diseno-sin-titulo.png?quality=82\",\"width\":1000,\"height\":600,\"caption\":\"Guatevision\"},\"image\":{\"@id\":\"https:\/\/prensalibre-com-develop.go-vip.co\/guatevision\/#\/schema\/logo\/image\/\"}}]}<\/script>\n<!-- \/ Yoast SEO plugin. -->","yoast_head_json":{"title":"So\u00f1ando en Familia - Guatevision","robots":{"index":"index","follow":"follow","max-snippet":"max-snippet:-1","max-image-preview":"max-image-preview:large","max-video-preview":"max-video-preview:-1"},"canonical":"https:\/\/prensalibre-com-develop.go-vip.co\/guatevision\/sonando-en-familia","og_locale":"es_ES","og_type":"article","og_title":"So\u00f1ando en Familia - Guatevision","og_url":"https:\/\/prensalibre-com-develop.go-vip.co\/guatevision\/sonando-en-familia","og_site_name":"Guatevision","article_modified_time":"2019-09-30T15:01:27+00:00","og_image":[{"width":250,"height":250,"url":"https:\/\/prensalibre-com-develop.go-vip.co\/guatevision\/wp-content\/uploads\/sites\/2\/2018\/04\/Avatar_SoniandoEnFamilia.png?quality=82","type":"image\/png"}],"twitter_card":"summary_large_image","twitter_misc":{"Est. reading time":"1 minute"},"schema":{"@context":"https:\/\/schema.org","@graph":[{"@type":"WebPage","@id":"https:\/\/prensalibre-com-develop.go-vip.co\/guatevision\/sonando-en-familia","url":"https:\/\/prensalibre-com-develop.go-vip.co\/guatevision\/sonando-en-familia","name":"So\u00f1ando en Familia - Guatevision","isPartOf":{"@id":"https:\/\/prensalibre-com-develop.go-vip.co\/guatevision\/#website"},"primaryImageOfPage":{"@id":"https:\/\/prensalibre-com-develop.go-vip.co\/guatevision\/sonando-en-familia#primaryimage"},"image":{"@id":"https:\/\/prensalibre-com-develop.go-vip.co\/guatevision\/sonando-en-familia#primaryimage"},"thumbnailUrl":"https:\/\/prensalibre-com-develop.go-vip.co\/guatevision\/wp-content\/uploads\/2018\/04\/Avatar_SoniandoEnFamilia.png","datePublished":"2018-04-19T20:43:30+00:00","dateModified":"2019-09-30T15:01:27+00:00","inLanguage":"es-GT","potentialAction":[{"@type":"ReadAction","target":["https:\/\/prensalibre-com-develop.go-vip.co\/guatevision\/sonando-en-familia"]}]},{"@type":"ImageObject","inLanguage":"es-GT","@id":"https:\/\/prensalibre-com-develop.go-vip.co\/guatevision\/sonando-en-familia#primaryimage","url":"https:\/\/prensalibre-com-develop.go-vip.co\/guatevision\/wp-content\/uploads\/sites\/2\/2018\/04\/Avatar_SoniandoEnFamilia.png?quality=82","contentUrl":"https:\/\/prensalibre-com-develop.go-vip.co\/guatevision\/wp-content\/uploads\/sites\/2\/2018\/04\/Avatar_SoniandoEnFamilia.png?quality=82","width":250,"height":250},{"@type":"WebSite","@id":"https:\/\/prensalibre-com-develop.go-vip.co\/guatevision\/#website","url":"https:\/\/prensalibre-com-develop.go-vip.co\/guatevision\/","name":"Guatevision","description":"\u00a1Enciende Lo Bueno!","publisher":{"@id":"https:\/\/prensalibre-com-develop.go-vip.co\/guatevision\/#organization"},"potentialAction":[{"@type":"SearchAction","target":{"@type":"EntryPoint","urlTemplate":"https:\/\/prensalibre-com-develop.go-vip.co\/guatevision\/?s={search_term_string}"},"query-input":{"@type":"PropertyValueSpecification","valueRequired":true,"valueName":"search_term_string"}}],"inLanguage":"es-GT"},{"@type":"Organization","@id":"https:\/\/prensalibre-com-develop.go-vip.co\/guatevision\/#organization","name":"Guatevision","url":"https:\/\/prensalibre-com-develop.go-vip.co\/guatevision\/","logo":{"@type":"ImageObject","inLanguage":"es-GT","@id":"https:\/\/prensalibre-com-develop.go-vip.co\/guatevision\/#\/schema\/logo\/image\/","url":"https:\/\/prensalibre-com-develop.go-vip.co\/guatevision\/wp-content\/uploads\/sites\/2\/2026\/04\/Diseno-sin-titulo.png?quality=82","contentUrl":"https:\/\/prensalibre-com-develop.go-vip.co\/guatevision\/wp-content\/uploads\/sites\/2\/2026\/04\/Diseno-sin-titulo.png?quality=82","width":1000,"height":600,"caption":"Guatevision"},"image":{"@id":"https:\/\/prensalibre-com-develop.go-vip.co\/guatevision\/#\/schema\/logo\/image\/"}}]}},"jetpack_sharing_enabled":true,"_links":{"self":[{"href":"https:\/\/prensalibre-com-develop.go-vip.co\/guatevision\/wp-json\/wp\/v2\/pages\/174984","targetHints":{"allow":["GET"]}}],"collection":[{"href":"https:\/\/prensalibre-com-develop.go-vip.co\/guatevision\/wp-json\/wp\/v2\/pages"}],"about":[{"href":"https:\/\/prensalibre-com-develop.go-vip.co\/guatevision\/wp-json\/wp\/v2\/types\/page"}],"author":[{"embeddable":true,"href":"https:\/\/prensalibre-com-develop.go-vip.co\/guatevision\/wp-json\/wp\/v2\/users\/218"}],"replies":[{"embeddable":true,"href":"https:\/\/prensalibre-com-develop.go-vip.co\/guatevision\/wp-json\/wp\/v2\/comments?post=174984"}],"version-history":[{"count":0,"href":"https:\/\/prensalibre-com-develop.go-vip.co\/guatevision\/wp-json\/wp\/v2\/pages\/174984\/revisions"}],"wp:attachment":[{"href":"https:\/\/prensalibre-com-develop.go-vip.co\/guatevision\/wp-json\/wp\/v2\/media?parent=174984"}],"wp:term":[{"taxonomy":"etiqueta","embeddable":true,"href":"https:\/\/prensalibre-com-develop.go-vip.co\/guatevision\/wp-json\/wp\/v2\/etiqueta?post=174984"}],"curies":[{"name":"wp","href":"https:\/\/api.w.org\/{rel}","templated":true}]}}