{"id":395066,"date":"2021-01-11T13:00:08","date_gmt":"2021-01-11T19:00:08","guid":{"rendered":"https:\/\/prensalibre-com-develop.go-vip.co\/guatevision\/?page_id=395066"},"modified":"2021-01-11T13:07:53","modified_gmt":"2021-01-11T19:07:53","slug":"politicas-de-cookies","status":"publish","type":"page","link":"https:\/\/prensalibre-com-develop.go-vip.co\/guatevision\/politicas-de-cookies","title":{"rendered":"Pol\u00edticas de Cookies"},"content":{"rendered":"<p>Guatevisi\u00f3n y nuestros socios utilizamos cookies y tecnolog\u00edas similares para almacenar o acceder a informaci\u00f3n en un dispositivo, tales como cookies, y procesamos datos personales, tales como identificadores \u00fanicos e informaci\u00f3n est\u00e1ndar enviada por un dispositivo. Al continuar navegando en nuestro Sitio Web, usted est\u00e1 de acuerdo en que Guatevisi\u00f3n y nuestros socios podemos utilizar estos datos para anuncios y contenido personalizados, medici\u00f3n de anuncios y del contenido e informaci\u00f3n sobre el p\u00fablico, as\u00ed como para desarrollar y mejorar productos.<\/p>\n<h4>1. QU\u00c9 SON LAS COOKIES<\/h4>\n<p>Las Cookies, y otras t\u00e9cnicas similares, son ficheros de texto, imagen o rutinas que el Servicio al que se accede instala o ejecuta en el equipo o dispositivo (PC, Smartphone, Tablet, etc.) del usuario para registrar la actividad de su navegaci\u00f3n a trav\u00e9s de las p\u00e1ginas y secciones del Sitio Web de Guatevisi\u00f3n.<\/p>\n\n<p>Las Cookies se asocian \u00fanicamente a un c\u00f3digo (ID) que identifica el dispositivo y\/o el navegador que utiliza en cada visita, por lo que no proporcionan referencias que permitan deducir otros datos personales del usuario.<\/p>\n<h4>2. PARA QU\u00c9 UTILIZA guatevision.com LAS COOKIES<\/h4>\n<p>El sitio de Guatevisi\u00f3n utiliza Cookies:<\/p>\n<ol>\n<li>Con el objetivo de ofrecer al usuario contenidos e informaci\u00f3n m\u00e1s adecuados a sus intereses y facilitar su navegaci\u00f3n a trav\u00e9s de nuestros Servicios.<\/li>\n<li>Para registrar las preferencias del usuario y proporcionarle un acceso m\u00e1s r\u00e1pido.<\/li>\n<li>Personalizar los servicios y contenido que ofrece Guatevisi\u00f3n, facilitando y ofreciendo a cada usuario informaci\u00f3n que es de su inter\u00e9s o que puede ser de su inter\u00e9s, bas\u00e1ndose para ello en el uso que realiza de estos Servicios.<\/li>\n<li>Conocer todos los servicios y contenido de Guatevisi\u00f3n solicitados por los usuarios, de forma que podr\u00e1n facilitar u ofrecer informaci\u00f3n adecuada a los gustos y preferencias de cada usuario y<br \/>\ne) personalizar los anuncios que se insertan en los servicios de Guatevisi\u00f3n bas\u00e1ndose en las preferencias e intereses del usuario, sean seleccionados por Guatevisi\u00f3n o por los propios anunciantes o sus representantes a trav\u00e9s de los intermediarios y operadores publicitarios.<\/li>\n<\/ol>\n<p>Adem\u00e1s, los usuarios que se registren, o que inicien sesi\u00f3n y naveguen autenticados podr\u00e1n beneficiarse de unos Servicios m\u00e1s personalizados y orientados a su perfil. Dichos usuarios autorizan expresamente el uso de la informaci\u00f3n de registro con esta finalidad, sin perjuicio de su derecho a rechazar o deshabilitar el uso de Cookies.<\/p>\n<p>Toda la informaci\u00f3n ser\u00e1 tratada conforme a lo indicado en la Pol\u00edtica o Cl\u00e1usula de Privacidad que haya aceptado el usuario al registrarse, y conforme a lo indicado en la presente Pol\u00edtica de Cookies.<\/p>\n<h4>3. TIPOS DE COOKIES QUE UTILIZA guatevision.com<\/h4>\n<p>En funci\u00f3n de su duraci\u00f3n, las Cookies pueden dividirse en:<\/p>\n<p><strong>Cookies de sesi\u00f3n:\u00a0<\/strong><br \/>\nEstas expiran cuando el usuario cierra el navegador y se borran del ordenador o dispositivo en ese momento.<\/p>\n<p><strong>Cookies persistentes:<\/strong><br \/>\nExpiran en funci\u00f3n de cuando se cumpla el objetivo para el que sirven (por ejemplo, para que el usuario se mantenga identificado en los Servicios de Guatevisi\u00f3n) o bien cuando se borran manualmente.<\/p>\n<p>En funci\u00f3n de qui\u00e9n crea la Cookie se clasifican en:<\/p>\n<p><strong>Cookies propias:<\/strong><br \/>\nSon las que env\u00edan al ordenador o dispositivo del usuario, nuestros Servicios y son gestionadas exclusivamente por Guatevisi\u00f3n.<\/p>\n<p><strong>Cookies de terceros:<\/strong><br \/>\nAquellas que son enviadas por entidades ajenas a Guatevisi\u00f3n y que se activan cuando se accede desde nuestros Servicios a redes sociales, a visualizar videos o al acceder a anuncios publicitarios.<\/p>\n<h4>4. TIPOS DE COOKIES QUE SE PUEDEN INSTALAR EN guatevision.com<\/h4>\n<p>El acceso a los Servicios de Guatevisi\u00f3n implica que se puedan instalar las Cookies, propias y\/o de terceros:<\/p>\n<p><strong>Rendimiento:<\/strong><br \/>\nEstas Cookies se utilizan para mejorar la navegaci\u00f3n y optimizar el funcionamiento de nuestros Servicios. Almacenan configuraciones de Servicios para que no tenga que reconfigurarlos cada vez que nos visite como, ajustes de volumen de reproductores de v\u00eddeo o sonido; las velocidades de transmisi\u00f3n de v\u00eddeo que sean compatibles con su navegador; los objetos guardados en el \u201ccarrito de la compra\u201d en los Servicios de E-commerce (cuando aplique).<\/p>\n<p><strong>Anal\u00edticas:<\/strong><br \/>\nEstas Cookies se utilizan para mejorar la navegaci\u00f3n y optimizar el funcionamiento de nuestros Servicios. Almacenan configuraciones de Servicios para que no tenga que reconfigurarlos cada vez que nos visite. Permiten la identificaci\u00f3n an\u00f3nima de los usuarios navegantes a trav\u00e9s de la \u201cCookie\u201d (identifica navegadores y dispositivos, no personas) y por lo tanto la contabilizaci\u00f3n aproximada del n\u00famero de visitantes y su tendencia en el tiempo. Identificar de forma an\u00f3nima los contenidos m\u00e1s visitados y m\u00e1s atractivos para los usuarios. Saber si el usuario que est\u00e1 accediendo es nuevo o repite visita. Salvo que el usuario decida registrarse en un Servicio de Guatevisi\u00f3n, la \u201cCookie\u201d nunca ir\u00e1 asociada a ning\u00fan dato de car\u00e1cter personal que pueda identificarle directamente. Dichas Cookies s\u00f3lo ser\u00e1n utilizadas con prop\u00f3sitos estad\u00edsticos que ayuden a la optimizaci\u00f3n y mejora de la experiencia de los usuarios en el Servicio.<\/p>\n<p><strong>Publicidad Propia:<\/strong><br \/>\nEste tipo de Cookies permiten ampliar la informaci\u00f3n de los anuncios mostrados a cada usuario an\u00f3nimo de Guatevisi\u00f3n. Entre otros, se almacena la duraci\u00f3n o frecuencia de visualizaci\u00f3n de posiciones publicitarias, la interacci\u00f3n con las mismas, o los patrones de navegaci\u00f3n y\/o comportamientos del usuario ya que ayudan a conformar un perfil de inter\u00e9s publicitario. De este modo, permiten ofrecer publicidad af\u00edn a los intereses del usuario.<\/p>\n<p><strong>Publicidad de Terceros:<\/strong><br \/>\nAdem\u00e1s de la publicidad gestionada por Guatevisi\u00f3n ofrece a sus anunciantes la opci\u00f3n de servir anuncios a trav\u00e9s de terceros (\u201cAd-Servers\u201d). De este modo, anunciantes, operadores publicitarios y otros intermediarios pueden almacenar Cookies a trav\u00e9s del Sitio Web de Guatevisi\u00f3n en los navegadores o aplicaciones de los usuarios, as\u00ed como acceder a los datos que en ellas se guardan. Las empresas que generan estas Cookies tienen sus propias pol\u00edticas de privacidad.<\/p>\n<p><strong>Publicidad Comportamental:<\/strong><br \/>\nModelo publicitario basado en el comportamiento del consumidor para el cual una Cookie recaba informaci\u00f3n an\u00f3nima sobre h\u00e1bitos de navegaci\u00f3n. La finalidad es ofrecer al usuario publicidad acorde con sus intereses.<\/p>\n<p><strong>Registro:<\/strong><br \/>\nLas Cookies de registro se generan una vez que el usuario se ha registrado o posteriormente ha abierto su sesi\u00f3n, y se utilizan para identificarle en los Servicios. Mantener al usuario identificado, incluso si cierra nuestro sitio o el navegador, de modo que cuando vuelva a entrar en el mismo sitio seguir\u00e1 identificado. Si el usuario cierra la sesi\u00f3n, se eliminar\u00e1 esta Cookie y la pr\u00f3xima vez que entre en el Servicio tendr\u00e1 que iniciar sesi\u00f3n para estar identificado. Comprobar si el usuario est\u00e1 autorizado para acceder a ciertos Servicios, por ejemplo, para participar en un concurso. Adicionalmente, algunos Servicios pueden utilizar conectores con redes sociales tales como Facebook o Twitter. Cuando el usuario se registra en un Servicio con credenciales de una red social, autoriza a la red social a guardar una Cookie persistente que recuerda su identidad y le garantiza acceso a los Servicios hasta que expira. El usuario puede borrar esta Cookie y revocar el acceso a los Servicios mediante redes sociales actualizando sus preferencias en la red social que espec\u00edfica.<\/p>\n<p><strong>Geolocalizaci\u00f3n:<\/strong><br \/>\nEstas Cookies son totalmente an\u00f3nimas y s\u00f3lo se utiliza para ayudar a orientar el contenido a su ubicaci\u00f3n. Estas Cookies son utilizadas para averiguar en qu\u00e9 pa\u00eds se encuentra cuando se solicita un Servicio.<\/p>\n<h4>5. C\u00d3MO DESHABILITAR LAS COOKIES<\/h4>\n<p>Tal y como se indica en el apartado 1 de la presente pol\u00edtica, al continuar nagegando por el Sitio Web de guatevision.com, el usuario esta de acuerdo en en que Guatevisi\u00f3n y nuestros socios podemos utilizar cookies y tecnolog\u00edas similares.<\/p>\n<p>Por otro lado, el usuario, en todo momento, podr\u00e1 deshabilitar o eliminar las Cookies a trav\u00e9s de la configuraci\u00f3n del navegador que utilice en su dispositivo o terminal.<\/p>\n<p>A continuaci\u00f3n, le facilitamos el acceso a p\u00e1ginas informativas de los principales navegadores de internet para la configuraci\u00f3n de Cookies:<\/p>\n<p><em>Chrome<\/em>: Configuraci\u00f3n -&gt; Mostrar opciones avanzadas -&gt; Privacidad -&gt; Configuraci\u00f3n de contenido.<br \/>\nPara m\u00e1s informaci\u00f3n, puede consultar el soporte de Google o la Ayuda del navegador.<\/p>\n<p><em>Firefox<\/em>: Herramientas -&gt; Opciones -&gt; Privacidad -&gt; Historial -&gt; Configuraci\u00f3n Personalizada.<br \/>\nPara m\u00e1s informaci\u00f3n, puede consultar el soporte de Mozilla o la Ayuda del navegador.<\/p>\n<p><em>Internet Explorer<\/em>: Herramientas -&gt; Opciones de Internet -&gt; Privacidad -&gt; Configuraci\u00f3n.<br \/>\nPara m\u00e1s informaci\u00f3n, puede consultar el soporte de Microsoft o la Ayuda del navegador.<\/p>\n<p><em>Safari<\/em>: Preferencias -&gt; Seguridad.<br \/>\nPara m\u00e1s informaci\u00f3n, puede consultar el soporte de Apple o la Ayuda del navegador.<\/p>\n<p>&nbsp;<\/p>\n<h4>6. QU\u00c9 OCURRE SI SE DESHABILITAN LAS COOKIES<\/h4>\n<p>En caso de que se deshabiliten las Cookies, no podremos mantener sus preferencias y algunas funcionalidades de los Servicios de Guatevisi\u00f3n y podr\u00edan quedar inoperativas, no pudiendo ofrecerle servicios personalizados.<\/p>\n<h4>7. DESTINATARIOS DE LA INFORMACI\u00d3N Y C\u00d3MO\u00a0EL USO DE COOKIES AFECTA A LA PROTECCI\u00d3N DE MIS DATOS PERSONALES<\/h4>\n<p>La informaci\u00f3n obtenida a trav\u00e9s de las Cookies de los Servicios la conocer\u00e1n las empresas colaboradoras, as\u00ed como anunciantes, y otros operadores, como intermediarios y agentes publicitarios, con las finalidades descritas en esta pol\u00edtica.<\/p>\n<p>La mayor\u00eda de las Cookies recopilan informaci\u00f3n an\u00f3nima, que no permite obtener la identidad del usuario, si bien algunos de los c\u00f3digos que se incluyen sirven para singularizar o individualizar al navegador o aplicaci\u00f3n de su dispositivo utilizado, pudiendo ser de aplicaci\u00f3n la normativa en materia de protecci\u00f3n de datos personales. Por ello, le informamos de que la informaci\u00f3n que se obtiene por medio de las Cookies ser\u00e1 tratada con las finalidades indicadas en la presente Pol\u00edtica de Cookies.<\/p>\n<p>No obstante, teniendo en cuenta que estos c\u00f3digos no permiten la identificaci\u00f3n del usuario, no ser\u00e1n aplicables los derechos de acceso, rectificaci\u00f3n, supresi\u00f3n, oposici\u00f3n, limitaci\u00f3n y portabilidad reconocidos en la normativa de protecci\u00f3n de datos, salvo que el usuario sea capaz de aportar informaci\u00f3n adicional que permita vincular su identidad con los c\u00f3digos identificativos de sus Cookies.<\/p>\n<p>Por otro lado, le informamos que algunos de nuestros proveedores, socios y colaboradores,\u00a0as\u00ed como los anunciantes,\u00a0operadores\u00a0y agentes publicitarios,\u00a0pueden estar ubicados en Estados Unidos u otros pa\u00edses cuya legislaci\u00f3n no ofrece un nivel de protecci\u00f3n de datos equivalente al europeo; no obstante, algunos de ellos s\u00ed aportan garant\u00edas adecuadas en materia de protecci\u00f3n de datos mediante su adhesi\u00f3n al marco de trabajo del Escudo de Privacidad (m\u00e1s informaci\u00f3n en <a href=\"http:\/\/www.privacyshield.gov\" target=\"_blank\" rel=\"noopener\">www.privacyshield.gov<\/a>).<\/p>\n<h4>8. INFORMACI\u00d3N SOBRE LA POL\u00cdTICA DE PRIVACIDAD EN LOS ANUNCIOS DE GOOGLE<\/h4>\n<p>Algunos de los anuncios pueden ser servidas por Google. Google utiliza la cookie de DART le permite servir anuncios a los usuarios basados en su visita a nuestro sitio y otros sitios en el Internet. DART utiliza \u201cinformaci\u00f3n no personal identificable\u201d y NO seguimiento de la informaci\u00f3n personal sobre usted, como su nombre, direcci\u00f3n de email, direcci\u00f3n f\u00edsica, etc. Usted puede optar por el uso de la cookie de DART a trav\u00e9s del anuncio de Google y la privacidad de la red de contenido pol\u00edtica en\u00a0<a href=\"http:\/\/www.google.com\/privacy_ads.html\" target=\"_blank\" rel=\"noopener\">http:\/\/www.google.com\/privacy_ads.html<\/a>.<\/p>\n<h4>9. ACTUALIZACIONES Y CAMBIOS EN LA POL\u00cdTICA DE PRIVACIDAD\/COOKIES:<\/h4>\n<p>Guatevisi\u00f3n puede modificar esta Pol\u00edtica de Cookies en funci\u00f3n de exigencias legislativas, reglamentarias, o con la finalidad de adaptar dicha pol\u00edtica a las instrucciones dictadas por la Agencia Espa\u00f1ola de Protecci\u00f3n de Datos, por ello se aconseja a los usuarios que la visiten peri\u00f3dicamente.<\/p>\n<h4>10. CONSULTAS<\/h4>\n<p>Para consultas y resoluci\u00f3n de dudas, puede dirigirse a las oficinas de Prensa Libre con domicilio en 13 calle 9-31 zona 1, Ciudad de Guatemala, Guatemala o al correo electr\u00f3nico <a href=\"mailto:info@prensalibre.com.gt\">info@prensalibre.com.gt<\/a><\/p>\n","protected":false},"excerpt":{"rendered":"","protected":false},"author":4,"featured_media":0,"parent":0,"menu_order":0,"comment_status":"closed","ping_status":"closed","template":"","meta":{"footnotes":""},"etiqueta":[],"class_list":["post-395066","page","type-page","status-publish","hentry"],"yoast_head":"<!-- This site is optimized with the Yoast SEO plugin v23.9 - https:\/\/yoast.com\/wordpress\/plugins\/seo\/ -->\n<title>Pol\u00edticas de Cookies - Guatevision<\/title>\n<meta name=\"robots\" content=\"index, follow, max-snippet:-1, max-image-preview:large, max-video-preview:-1\" \/>\n<link rel=\"canonical\" href=\"https:\/\/prensalibre-com-develop.go-vip.co\/guatevision\/politicas-de-cookies\" \/>\n<meta property=\"og:locale\" content=\"es_ES\" \/>\n<meta property=\"og:type\" content=\"article\" \/>\n<meta property=\"og:title\" content=\"Pol\u00edticas de Cookies - Guatevision\" \/>\n<meta property=\"og:url\" content=\"https:\/\/prensalibre-com-develop.go-vip.co\/guatevision\/politicas-de-cookies\" \/>\n<meta property=\"og:site_name\" content=\"Guatevision\" \/>\n<meta property=\"article:modified_time\" content=\"2021-01-11T19:07:53+00:00\" \/>\n<meta name=\"twitter:card\" content=\"summary_large_image\" \/>\n<meta name=\"twitter:label1\" content=\"Est. reading time\" \/>\n\t<meta name=\"twitter:data1\" content=\"10 minutes\" \/>\n<script type=\"application\/ld+json\" class=\"yoast-schema-graph\">{\"@context\":\"https:\/\/schema.org\",\"@graph\":[{\"@type\":\"WebPage\",\"@id\":\"https:\/\/prensalibre-com-develop.go-vip.co\/guatevision\/politicas-de-cookies\",\"url\":\"https:\/\/prensalibre-com-develop.go-vip.co\/guatevision\/politicas-de-cookies\",\"name\":\"Pol\u00edticas de Cookies - Guatevision\",\"isPartOf\":{\"@id\":\"https:\/\/prensalibre-com-develop.go-vip.co\/guatevision\/#website\"},\"datePublished\":\"2021-01-11T19:00:08+00:00\",\"dateModified\":\"2021-01-11T19:07:53+00:00\",\"inLanguage\":\"es-GT\",\"potentialAction\":[{\"@type\":\"ReadAction\",\"target\":[\"https:\/\/prensalibre-com-develop.go-vip.co\/guatevision\/politicas-de-cookies\"]}]},{\"@type\":\"WebSite\",\"@id\":\"https:\/\/prensalibre-com-develop.go-vip.co\/guatevision\/#website\",\"url\":\"https:\/\/prensalibre-com-develop.go-vip.co\/guatevision\/\",\"name\":\"Guatevision\",\"description\":\"\u00a1Enciende Lo Bueno!\",\"publisher\":{\"@id\":\"https:\/\/prensalibre-com-develop.go-vip.co\/guatevision\/#organization\"},\"potentialAction\":[{\"@type\":\"SearchAction\",\"target\":{\"@type\":\"EntryPoint\",\"urlTemplate\":\"https:\/\/prensalibre-com-develop.go-vip.co\/guatevision\/?s={search_term_string}\"},\"query-input\":{\"@type\":\"PropertyValueSpecification\",\"valueRequired\":true,\"valueName\":\"search_term_string\"}}],\"inLanguage\":\"es-GT\"},{\"@type\":\"Organization\",\"@id\":\"https:\/\/prensalibre-com-develop.go-vip.co\/guatevision\/#organization\",\"name\":\"Guatevision\",\"url\":\"https:\/\/prensalibre-com-develop.go-vip.co\/guatevision\/\",\"logo\":{\"@type\":\"ImageObject\",\"inLanguage\":\"es-GT\",\"@id\":\"https:\/\/prensalibre-com-develop.go-vip.co\/guatevision\/#\/schema\/logo\/image\/\",\"url\":\"https:\/\/prensalibre-com-develop.go-vip.co\/guatevision\/wp-content\/uploads\/sites\/2\/2026\/04\/Diseno-sin-titulo.png?quality=82\",\"contentUrl\":\"https:\/\/prensalibre-com-develop.go-vip.co\/guatevision\/wp-content\/uploads\/sites\/2\/2026\/04\/Diseno-sin-titulo.png?quality=82\",\"width\":1000,\"height\":600,\"caption\":\"Guatevision\"},\"image\":{\"@id\":\"https:\/\/prensalibre-com-develop.go-vip.co\/guatevision\/#\/schema\/logo\/image\/\"}}]}<\/script>\n<!-- \/ Yoast SEO plugin. -->","yoast_head_json":{"title":"Pol\u00edticas de Cookies - Guatevision","robots":{"index":"index","follow":"follow","max-snippet":"max-snippet:-1","max-image-preview":"max-image-preview:large","max-video-preview":"max-video-preview:-1"},"canonical":"https:\/\/prensalibre-com-develop.go-vip.co\/guatevision\/politicas-de-cookies","og_locale":"es_ES","og_type":"article","og_title":"Pol\u00edticas de Cookies - Guatevision","og_url":"https:\/\/prensalibre-com-develop.go-vip.co\/guatevision\/politicas-de-cookies","og_site_name":"Guatevision","article_modified_time":"2021-01-11T19:07:53+00:00","twitter_card":"summary_large_image","twitter_misc":{"Est. reading time":"10 minutes"},"schema":{"@context":"https:\/\/schema.org","@graph":[{"@type":"WebPage","@id":"https:\/\/prensalibre-com-develop.go-vip.co\/guatevision\/politicas-de-cookies","url":"https:\/\/prensalibre-com-develop.go-vip.co\/guatevision\/politicas-de-cookies","name":"Pol\u00edticas de Cookies - Guatevision","isPartOf":{"@id":"https:\/\/prensalibre-com-develop.go-vip.co\/guatevision\/#website"},"datePublished":"2021-01-11T19:00:08+00:00","dateModified":"2021-01-11T19:07:53+00:00","inLanguage":"es-GT","potentialAction":[{"@type":"ReadAction","target":["https:\/\/prensalibre-com-develop.go-vip.co\/guatevision\/politicas-de-cookies"]}]},{"@type":"WebSite","@id":"https:\/\/prensalibre-com-develop.go-vip.co\/guatevision\/#website","url":"https:\/\/prensalibre-com-develop.go-vip.co\/guatevision\/","name":"Guatevision","description":"\u00a1Enciende Lo Bueno!","publisher":{"@id":"https:\/\/prensalibre-com-develop.go-vip.co\/guatevision\/#organization"},"potentialAction":[{"@type":"SearchAction","target":{"@type":"EntryPoint","urlTemplate":"https:\/\/prensalibre-com-develop.go-vip.co\/guatevision\/?s={search_term_string}"},"query-input":{"@type":"PropertyValueSpecification","valueRequired":true,"valueName":"search_term_string"}}],"inLanguage":"es-GT"},{"@type":"Organization","@id":"https:\/\/prensalibre-com-develop.go-vip.co\/guatevision\/#organization","name":"Guatevision","url":"https:\/\/prensalibre-com-develop.go-vip.co\/guatevision\/","logo":{"@type":"ImageObject","inLanguage":"es-GT","@id":"https:\/\/prensalibre-com-develop.go-vip.co\/guatevision\/#\/schema\/logo\/image\/","url":"https:\/\/prensalibre-com-develop.go-vip.co\/guatevision\/wp-content\/uploads\/sites\/2\/2026\/04\/Diseno-sin-titulo.png?quality=82","contentUrl":"https:\/\/prensalibre-com-develop.go-vip.co\/guatevision\/wp-content\/uploads\/sites\/2\/2026\/04\/Diseno-sin-titulo.png?quality=82","width":1000,"height":600,"caption":"Guatevision"},"image":{"@id":"https:\/\/prensalibre-com-develop.go-vip.co\/guatevision\/#\/schema\/logo\/image\/"}}]}},"jetpack_sharing_enabled":true,"_links":{"self":[{"href":"https:\/\/prensalibre-com-develop.go-vip.co\/guatevision\/wp-json\/wp\/v2\/pages\/395066","targetHints":{"allow":["GET"]}}],"collection":[{"href":"https:\/\/prensalibre-com-develop.go-vip.co\/guatevision\/wp-json\/wp\/v2\/pages"}],"about":[{"href":"https:\/\/prensalibre-com-develop.go-vip.co\/guatevision\/wp-json\/wp\/v2\/types\/page"}],"author":[{"embeddable":true,"href":"https:\/\/prensalibre-com-develop.go-vip.co\/guatevision\/wp-json\/wp\/v2\/users\/4"}],"replies":[{"embeddable":true,"href":"https:\/\/prensalibre-com-develop.go-vip.co\/guatevision\/wp-json\/wp\/v2\/comments?post=395066"}],"version-history":[{"count":0,"href":"https:\/\/prensalibre-com-develop.go-vip.co\/guatevision\/wp-json\/wp\/v2\/pages\/395066\/revisions"}],"wp:attachment":[{"href":"https:\/\/prensalibre-com-develop.go-vip.co\/guatevision\/wp-json\/wp\/v2\/media?parent=395066"}],"wp:term":[{"taxonomy":"etiqueta","embeddable":true,"href":"https:\/\/prensalibre-com-develop.go-vip.co\/guatevision\/wp-json\/wp\/v2\/etiqueta?post=395066"}],"curies":[{"name":"wp","href":"https:\/\/api.w.org\/{rel}","templated":true}]}}