{"id":564029,"date":"2026-05-08T10:21:14","date_gmt":"2026-05-08T16:21:14","guid":{"rendered":"https:\/\/prensalibre-com-develop.go-vip.co\/guatevision\/?page_id=564029"},"modified":"2026-05-08T10:21:39","modified_gmt":"2026-05-08T16:21:39","slug":"guatemala-no-se-detiene","status":"publish","type":"page","link":"https:\/\/prensalibre-com-develop.go-vip.co\/guatevision\/guatemala-no-se-detiene","title":{"rendered":"Guatemala No se Detiene"},"content":{"rendered":"\n<div style=\"height:30px\" aria-hidden=\"true\" class=\"wp-block-spacer\"><\/div>\n\n\n\n\n<div  class=\"wp-block-ultimate-post-image ultp-block-bc02c3\"><div class=\"ultp-block-wrapper\"><figure class=\"ultp-image-block-wrapper\"><div class=\"ultp-image-block ultp-image-block-none\"><img decoding=\"async\"  class=\"ultp-image\"  alt=\"Image Not Found\"  src=\"https:\/\/prensalibre-com-develop.go-vip.co\/guatevision\/wp-content\/uploads\/sites\/2\/2026\/05\/GNSD.jpg?quality=82\" \/><\/div><\/figure><\/div><\/div>\n\n\n<div style=\"height:30px\" aria-hidden=\"true\" class=\"wp-block-spacer\"><\/div>\n\n\n<div  class=\"wp-block-ultimate-post-heading ultp-block-9fde55\"><div class=\"ultp-block-wrapper\"><div class=\"ultp-heading-wrap ultp-heading-style1 ultp-heading-left\"><h2 class=\"ultp-heading-inner\"><span>Guatemala no se detiene<\/span><\/h2><div class=\"ultp-sub-heading\"><div class=\"ultp-sub-heading-inner\">Representantes de Gobierno de Guatemala y sector privado firmaron el convenio de cooperaci\u00f3n interinstitucional \u201cGuatemala no se Detiene\u201d que da vida a la hoja de ruta para atraer m\u00e1s inversi\u00f3n extranjera lo que permitir\u00e1 mejorar las condiciones para la econom\u00eda guatemalteca y los ciudadanos.<br><br>El acuerdo suscrito entre el Ministerio de Econom\u00eda (MINECO), Ministerio de Finanzas (MINFIN), Ministerio de Relaciones Exteriores (MINEX), Banco de Guatemala (BANGUAT), Municipalidad de Guatemala, Asociaci\u00f3n Guatemalteca de Exportadores (AGEXPORT) y la Fundaci\u00f3n para el Desarrollo de Guatemala (FUNDESA), buscan articular esfuerzos para crear las condiciones que faciliten la atracci\u00f3n de capital extranjero y la generaci\u00f3n de empleo.<br><br>Este acuerdo es un esfuerzo de pa\u00eds y prioritario para su gesti\u00f3n, el cual fortalecer\u00e1 el Pilar Econom\u00eda, Competitividad y Prosperidad que es parte de la Pol\u00edtica General de Gobierno 2020-2024.<\/div><\/div><\/div><\/div><\/div>\n\n\n<div style=\"height:30px\" aria-hidden=\"true\" class=\"wp-block-spacer\"><\/div>\n\n\n<div  class=\"wp-block-ultimate-post-youtube-gallery ultp-block-8ace56\" data-playlist=\"https:\/\/www.youtube.com\/playlist?list=PLpGQtUPCXjIxJ_PMnuyAd5SQvumgL24xe\" data-api-key=\"AIzaSyDaXb5_p2AiuaPp8HQ2pU5-EVAjwUSwx-k\" data-cache-duration=\"604800\" data-sort-by=\"date\" data-gallery-layout=\"playlist\" data-videos-per-page=\"{&quot;lg&quot;:6}\" data-show-video-title=\"1\" data-video-title-length=\"{&quot;lg&quot;:50,&quot;md&quot;:50,&quot;sm&quot;:50}\" data-load-more-enable=\"1\" data-more-button-label=\"More Videos\" data-autoplay=\"1\" data-loop=\"1\" data-mute=\"0\" data-show-player-control=\"1\" data-hide-youtube-logo=\"0\" data-show-description=\"0\" data-video-description-length=\"{&quot;lg&quot;:100,&quot;md&quot;:100,&quot;sm&quot;:100}\" data-image-height-ratio=\"maxres\" data-gallery-column=\"{&quot;lg&quot;:3,&quot;md&quot;:2,&quot;sm&quot;:1}\" data-display-type=\"grid\" data-enable-list-view=\"0\" data-enable-youtube-icon=\"1\" data-enable-icon-animation=\"0\" data-img-height=\"maxres\"><div class=\"ultp-block-wrapper ultp-ytg-block ultp-wrapper-block\"><div class=\"ultp-ytg-container ultp-ytg-view-grid ultp-layout-playlist ultp-ratio-height ultp-ytg-grid\"><div class=\"\"><\/div><\/div><div class=\"ultp-ytg-play__icon\" style=\"display:none;\" ><svg\n\t\t\t\t\t\t\t\t\t\txmlns=\"http:\/\/www.w3.org\/2000\/svg\"\n\t\t\t\t\t\t\t\t\t\tviewBox=\"0 0 28.57 20\"\n\t\t\t\t\t\t\t\t\t\tpreserveAspectRatio=\"xMidYMid meet\"\n\t\t\t\t\t\t\t\t\t>\n\t\t\t\t\t\t\t\t\t\t<g>\n\t\t\t\t\t\t\t\t\t\t\t<path\n\t\t\t\t\t\t\t\t\t\t\t\td=\"M27.9727 3.12324C27.6435 1.89323 26.6768 0.926623 25.4468 0.597366C23.2197 2.24288e-07 14.285 0 14.285 0C14.285 0 5.35042 2.24288e-07 3.12323 0.597366C1.89323 0.926623 0.926623 1.89323 0.597366 3.12324C2.24288e-07 5.35042 0 10 0 10C0 10 2.24288e-07 14.6496 0.597366 16.8768C0.926623 18.1068 1.89323 19.0734 3.12323 19.4026C5.35042 20 14.285 20 14.285 20C14.285 20 23.2197 20 25.4468 19.4026C26.6768 19.0734 27.6435 18.1068 27.9727 16.8768C28.5701 14.6496 28.5701 10 28.5701 10C28.5701 10 28.5677 5.35042 27.9727 3.12324Z\"\n\t\t\t\t\t\t\t\t\t\t\t\tfill=\"#FF0000\"\n\t\t\t\t\t\t\t\t\t\t\t\/>\n\t\t\t\t\t\t\t\t\t\t\t<path\n\t\t\t\t\t\t\t\t\t\t\t\td=\"M11.4253 14.2854L18.8477 10.0004L11.4253 5.71533V14.2854Z\"\n\t\t\t\t\t\t\t\t\t\t\t\tfill=\"white\"\n\t\t\t\t\t\t\t\t\t\t\t\/>\n\t\t\t\t\t\t\t\t\t\t<\/g>\n\t\t\t\t\t\t\t\t\t<\/svg><\/div><\/div><\/div>\n\n\n<div style=\"height:30px\" aria-hidden=\"true\" class=\"wp-block-spacer\"><\/div>\n","protected":false},"excerpt":{"rendered":"","protected":false},"author":363,"featured_media":0,"parent":0,"menu_order":0,"comment_status":"closed","ping_status":"closed","template":"ultp_page_template","meta":{"footnotes":""},"etiqueta":[],"class_list":["post-564029","page","type-page","status-publish","hentry"],"yoast_head":"<!-- This site is optimized with the Yoast SEO plugin v23.9 - https:\/\/yoast.com\/wordpress\/plugins\/seo\/ -->\n<title>Guatemala No se Detiene - Guatevision<\/title>\n<meta name=\"robots\" content=\"index, follow, max-snippet:-1, max-image-preview:large, max-video-preview:-1\" \/>\n<link rel=\"canonical\" href=\"https:\/\/prensalibre-com-develop.go-vip.co\/guatevision\/guatemala-no-se-detiene\" \/>\n<meta property=\"og:locale\" content=\"es_ES\" \/>\n<meta property=\"og:type\" content=\"article\" \/>\n<meta property=\"og:title\" content=\"Guatemala No se Detiene - Guatevision\" \/>\n<meta property=\"og:url\" content=\"https:\/\/prensalibre-com-develop.go-vip.co\/guatevision\/guatemala-no-se-detiene\" \/>\n<meta property=\"og:site_name\" content=\"Guatevision\" \/>\n<meta property=\"article:modified_time\" content=\"2026-05-08T16:21:39+00:00\" \/>\n<meta name=\"twitter:card\" content=\"summary_large_image\" \/>\n<script type=\"application\/ld+json\" class=\"yoast-schema-graph\">{\"@context\":\"https:\/\/schema.org\",\"@graph\":[{\"@type\":\"WebPage\",\"@id\":\"https:\/\/prensalibre-com-develop.go-vip.co\/guatevision\/guatemala-no-se-detiene\",\"url\":\"https:\/\/prensalibre-com-develop.go-vip.co\/guatevision\/guatemala-no-se-detiene\",\"name\":\"Guatemala No se Detiene - Guatevision\",\"isPartOf\":{\"@id\":\"https:\/\/prensalibre-com-develop.go-vip.co\/guatevision\/#website\"},\"datePublished\":\"2026-05-08T16:21:14+00:00\",\"dateModified\":\"2026-05-08T16:21:39+00:00\",\"inLanguage\":\"es-GT\",\"potentialAction\":[{\"@type\":\"ReadAction\",\"target\":[\"https:\/\/prensalibre-com-develop.go-vip.co\/guatevision\/guatemala-no-se-detiene\"]}]},{\"@type\":\"WebSite\",\"@id\":\"https:\/\/prensalibre-com-develop.go-vip.co\/guatevision\/#website\",\"url\":\"https:\/\/prensalibre-com-develop.go-vip.co\/guatevision\/\",\"name\":\"Guatevision\",\"description\":\"\u00a1Enciende Lo Bueno!\",\"publisher\":{\"@id\":\"https:\/\/prensalibre-com-develop.go-vip.co\/guatevision\/#organization\"},\"potentialAction\":[{\"@type\":\"SearchAction\",\"target\":{\"@type\":\"EntryPoint\",\"urlTemplate\":\"https:\/\/prensalibre-com-develop.go-vip.co\/guatevision\/?s={search_term_string}\"},\"query-input\":{\"@type\":\"PropertyValueSpecification\",\"valueRequired\":true,\"valueName\":\"search_term_string\"}}],\"inLanguage\":\"es-GT\"},{\"@type\":\"Organization\",\"@id\":\"https:\/\/prensalibre-com-develop.go-vip.co\/guatevision\/#organization\",\"name\":\"Guatevision\",\"url\":\"https:\/\/prensalibre-com-develop.go-vip.co\/guatevision\/\",\"logo\":{\"@type\":\"ImageObject\",\"inLanguage\":\"es-GT\",\"@id\":\"https:\/\/prensalibre-com-develop.go-vip.co\/guatevision\/#\/schema\/logo\/image\/\",\"url\":\"https:\/\/prensalibre-com-develop.go-vip.co\/guatevision\/wp-content\/uploads\/sites\/2\/2026\/04\/Diseno-sin-titulo.png?quality=82\",\"contentUrl\":\"https:\/\/prensalibre-com-develop.go-vip.co\/guatevision\/wp-content\/uploads\/sites\/2\/2026\/04\/Diseno-sin-titulo.png?quality=82\",\"width\":1000,\"height\":600,\"caption\":\"Guatevision\"},\"image\":{\"@id\":\"https:\/\/prensalibre-com-develop.go-vip.co\/guatevision\/#\/schema\/logo\/image\/\"}}]}<\/script>\n<!-- \/ Yoast SEO plugin. -->","yoast_head_json":{"title":"Guatemala No se Detiene - Guatevision","robots":{"index":"index","follow":"follow","max-snippet":"max-snippet:-1","max-image-preview":"max-image-preview:large","max-video-preview":"max-video-preview:-1"},"canonical":"https:\/\/prensalibre-com-develop.go-vip.co\/guatevision\/guatemala-no-se-detiene","og_locale":"es_ES","og_type":"article","og_title":"Guatemala No se Detiene - Guatevision","og_url":"https:\/\/prensalibre-com-develop.go-vip.co\/guatevision\/guatemala-no-se-detiene","og_site_name":"Guatevision","article_modified_time":"2026-05-08T16:21:39+00:00","twitter_card":"summary_large_image","schema":{"@context":"https:\/\/schema.org","@graph":[{"@type":"WebPage","@id":"https:\/\/prensalibre-com-develop.go-vip.co\/guatevision\/guatemala-no-se-detiene","url":"https:\/\/prensalibre-com-develop.go-vip.co\/guatevision\/guatemala-no-se-detiene","name":"Guatemala No se Detiene - Guatevision","isPartOf":{"@id":"https:\/\/prensalibre-com-develop.go-vip.co\/guatevision\/#website"},"datePublished":"2026-05-08T16:21:14+00:00","dateModified":"2026-05-08T16:21:39+00:00","inLanguage":"es-GT","potentialAction":[{"@type":"ReadAction","target":["https:\/\/prensalibre-com-develop.go-vip.co\/guatevision\/guatemala-no-se-detiene"]}]},{"@type":"WebSite","@id":"https:\/\/prensalibre-com-develop.go-vip.co\/guatevision\/#website","url":"https:\/\/prensalibre-com-develop.go-vip.co\/guatevision\/","name":"Guatevision","description":"\u00a1Enciende Lo Bueno!","publisher":{"@id":"https:\/\/prensalibre-com-develop.go-vip.co\/guatevision\/#organization"},"potentialAction":[{"@type":"SearchAction","target":{"@type":"EntryPoint","urlTemplate":"https:\/\/prensalibre-com-develop.go-vip.co\/guatevision\/?s={search_term_string}"},"query-input":{"@type":"PropertyValueSpecification","valueRequired":true,"valueName":"search_term_string"}}],"inLanguage":"es-GT"},{"@type":"Organization","@id":"https:\/\/prensalibre-com-develop.go-vip.co\/guatevision\/#organization","name":"Guatevision","url":"https:\/\/prensalibre-com-develop.go-vip.co\/guatevision\/","logo":{"@type":"ImageObject","inLanguage":"es-GT","@id":"https:\/\/prensalibre-com-develop.go-vip.co\/guatevision\/#\/schema\/logo\/image\/","url":"https:\/\/prensalibre-com-develop.go-vip.co\/guatevision\/wp-content\/uploads\/sites\/2\/2026\/04\/Diseno-sin-titulo.png?quality=82","contentUrl":"https:\/\/prensalibre-com-develop.go-vip.co\/guatevision\/wp-content\/uploads\/sites\/2\/2026\/04\/Diseno-sin-titulo.png?quality=82","width":1000,"height":600,"caption":"Guatevision"},"image":{"@id":"https:\/\/prensalibre-com-develop.go-vip.co\/guatevision\/#\/schema\/logo\/image\/"}}]}},"jetpack_sharing_enabled":true,"_links":{"self":[{"href":"https:\/\/prensalibre-com-develop.go-vip.co\/guatevision\/wp-json\/wp\/v2\/pages\/564029","targetHints":{"allow":["GET"]}}],"collection":[{"href":"https:\/\/prensalibre-com-develop.go-vip.co\/guatevision\/wp-json\/wp\/v2\/pages"}],"about":[{"href":"https:\/\/prensalibre-com-develop.go-vip.co\/guatevision\/wp-json\/wp\/v2\/types\/page"}],"author":[{"embeddable":true,"href":"https:\/\/prensalibre-com-develop.go-vip.co\/guatevision\/wp-json\/wp\/v2\/users\/363"}],"replies":[{"embeddable":true,"href":"https:\/\/prensalibre-com-develop.go-vip.co\/guatevision\/wp-json\/wp\/v2\/comments?post=564029"}],"version-history":[{"count":1,"href":"https:\/\/prensalibre-com-develop.go-vip.co\/guatevision\/wp-json\/wp\/v2\/pages\/564029\/revisions"}],"predecessor-version":[{"id":564031,"href":"https:\/\/prensalibre-com-develop.go-vip.co\/guatevision\/wp-json\/wp\/v2\/pages\/564029\/revisions\/564031"}],"wp:attachment":[{"href":"https:\/\/prensalibre-com-develop.go-vip.co\/guatevision\/wp-json\/wp\/v2\/media?parent=564029"}],"wp:term":[{"taxonomy":"etiqueta","embeddable":true,"href":"https:\/\/prensalibre-com-develop.go-vip.co\/guatevision\/wp-json\/wp\/v2\/etiqueta?post=564029"}],"curies":[{"name":"wp","href":"https:\/\/api.w.org\/{rel}","templated":true}]}}